{"id":58,"date":"2014-03-06T22:25:13","date_gmt":"2014-03-06T20:25:13","guid":{"rendered":"http:\/\/xn--tierheilpraxis-pln-t3b.de\/?page_id=58"},"modified":"2018-05-31T21:04:53","modified_gmt":"2018-05-31T19:04:53","slug":"kontakt","status":"publish","type":"page","link":"https:\/\/xn--tierheilpraxis-pln-t3b.de\/?page_id=58","title":{"rendered":"Kontakt"},"content":{"rendered":"<p>&nbsp;<\/p>\n<p><img loading=\"lazy\" decoding=\"async\" class=\"alignleft wp-image-11 \" src=\"https:\/\/xn--tierheilpraxis-pln-t3b.de\/wp-content\/uploads\/2014\/03\/slide3-300x126.jpg\" alt=\"\" width=\"333\" height=\"140\" srcset=\"https:\/\/xn--tierheilpraxis-pln-t3b.de\/wp-content\/uploads\/2014\/03\/slide3-300x126.jpg 300w, https:\/\/xn--tierheilpraxis-pln-t3b.de\/wp-content\/uploads\/2014\/03\/slide3-100x42.jpg 100w, https:\/\/xn--tierheilpraxis-pln-t3b.de\/wp-content\/uploads\/2014\/03\/slide3-182x77.jpg 182w, https:\/\/xn--tierheilpraxis-pln-t3b.de\/wp-content\/uploads\/2014\/03\/slide3.jpg 960w\" sizes=\"auto, (max-width: 333px) 100vw, 333px\" \/><\/p>\n<p>&nbsp;<\/p>\n<p>(Google Maps Link . Mit dem anklicken der Anfahrt akzeptieren Sie meine Datenschutzerkl\u00e4rung)<\/p>\n<p><a href=\"https:\/\/goo.gl\/maps\/beuGdAymkcF2\" rel=\"noopener\">Anfahrt zur Tierheilpraxis Pl\u00f6n Ute Lundius<\/a><\/p>\n<p>&nbsp;<\/p>\n<p>&nbsp;<\/p>\n<p>Tierheilpraxis Ute Lundius<\/p>\n<p>Kieler Kamp 15 a<\/p>\n<p>24306 Pl\u00f6n<\/p>\n<p>&nbsp;<\/p>\n<p>&nbsp;<\/p>\n<p><strong>Telefon<\/strong>\u00a0 04522 \/ 94 60 oder 04522 \/ 74 63 773<br \/>\n<strong>Fax<\/strong>\u00a0\u00a0\u00a0\u00a0\u00a0\u00a0\u00a0 04522 \/ 65 77<br \/>\n<strong>Mobil<\/strong>\u00a0\u00a0\u00a0\u00a0 0171 &#8211; 70 33 401<br \/>\n<strong>E-mail<\/strong>\u00a0\u00a0 thp@ute-lundius.de<\/p>\n<p>Sollte ich gerade in einer Behandlung und daher nicht erreichbar sein, hinterlassen Sie mir Bitte Ihren Namen und Telefonnummer auf dem Anrufbeantworter, ich rufe Sie selbstverst\u00e4ndlich schnellst m\u00f6glich zur\u00fcck!<\/p>\n<p>Bitte haben Sie Verst\u00e4ndnis daf\u00fcr, dass ich keine Fernbehandlungen vornehme. Ohne Ihr Tier vorher gesehen zu haben, f\u00fchre ich per Telefon oder Email keine therapeutischen Ma\u00dfnahmen durch. Der Grundgedanke der Naturheilkunde ist eine ganzheitliche Behandlung.<\/p>\n<p>&nbsp;<\/p>\n","protected":false},"excerpt":{"rendered":"<p>&nbsp; &nbsp; (Google Maps Link . Mit dem anklicken der Anfahrt akzeptieren Sie meine Datenschutzerkl\u00e4rung) Anfahrt zur Tierheilpraxis Pl\u00f6n Ute Lundius &nbsp; &nbsp; Tierheilpraxis Ute <\/p>\n<p><a href=\"https:\/\/xn--tierheilpraxis-pln-t3b.de\/?page_id=58\" class=\"button1\">Read More &raquo;<\/a><\/p>\n","protected":false},"author":1,"featured_media":0,"parent":0,"menu_order":0,"comment_status":"closed","ping_status":"closed","template":"","meta":{"footnotes":""},"class_list":["post-58","page","type-page","status-publish","hentry"],"_links":{"self":[{"href":"https:\/\/xn--tierheilpraxis-pln-t3b.de\/index.php?rest_route=\/wp\/v2\/pages\/58","targetHints":{"allow":["GET"]}}],"collection":[{"href":"https:\/\/xn--tierheilpraxis-pln-t3b.de\/index.php?rest_route=\/wp\/v2\/pages"}],"about":[{"href":"https:\/\/xn--tierheilpraxis-pln-t3b.de\/index.php?rest_route=\/wp\/v2\/types\/page"}],"author":[{"embeddable":true,"href":"https:\/\/xn--tierheilpraxis-pln-t3b.de\/index.php?rest_route=\/wp\/v2\/users\/1"}],"replies":[{"embeddable":true,"href":"https:\/\/xn--tierheilpraxis-pln-t3b.de\/index.php?rest_route=%2Fwp%2Fv2%2Fcomments&post=58"}],"version-history":[{"count":33,"href":"https:\/\/xn--tierheilpraxis-pln-t3b.de\/index.php?rest_route=\/wp\/v2\/pages\/58\/revisions"}],"predecessor-version":[{"id":590,"href":"https:\/\/xn--tierheilpraxis-pln-t3b.de\/index.php?rest_route=\/wp\/v2\/pages\/58\/revisions\/590"}],"wp:attachment":[{"href":"https:\/\/xn--tierheilpraxis-pln-t3b.de\/index.php?rest_route=%2Fwp%2Fv2%2Fmedia&parent=58"}],"curies":[{"name":"wp","href":"https:\/\/api.w.org\/{rel}","templated":true}]}}