{"id":50,"date":"2014-03-06T22:23:11","date_gmt":"2014-03-06T20:23:11","guid":{"rendered":"http:\/\/xn--tierheilpraxis-pln-t3b.de\/?page_id=50"},"modified":"2023-01-16T16:22:37","modified_gmt":"2023-01-16T15:22:37","slug":"blutegel-therapie","status":"publish","type":"page","link":"https:\/\/xn--tierheilpraxis-pln-t3b.de\/?page_id=50","title":{"rendered":"Blutegel-Therapie"},"content":{"rendered":"<p>Die wohl \u00e4lteste Therapie in der Tierheilkunde ist der Einsatz es medizinischen Blutegels \u201eHirudo medicinalis officinalis\u201c.\u00a0 Diese Behandlungsmethode z\u00e4hlt zu den aus- und ableitenden Heilverfahren, d. h. es werden K\u00f6rpers\u00e4fte zur Ausscheidung gebracht wie bei einem sanften Aderlass. Die im Speichelsekret befindlichen Enzyme, mit ihren Wirkmechanismen die der Egel beim Bei\u00dfen abgibt, werden bei dieser Therapie zur Heilung genutzt.<\/p>\n<ul class=\"list1\">\n<li><span style=\"color: #008000;\"><strong>Bessere Durchblutung<\/strong><\/span><br \/>\nDurch die Gerinnungshemmung kommt es zu verbesserten Flie\u00dfeigenschaften des Blutes, so dass eine bessere Durchblutung gew\u00e4hrleistet ist und sich die Muskulatur und das Bindegewebe entspannt.<\/p>\n<\/li>\n<li><span style=\"color: #008000;\"><strong>Vorbeugung einer Thrombose<\/strong><\/span><br \/>\nDurch den Einfluss auf die Blutgef\u00e4\u00dfe und bestimmte Blutk\u00f6rperchen kann einer Blutverklumpung (Thrombose) vorgebeugt werden, weil es die Gef\u00e4\u00dfinnenwand sch\u00fctzt. Bestehende Blutkl\u00fcmpchen k\u00f6nnen sich aufl\u00f6sen und die Emboliegefahr mindern.<\/p>\n<\/li>\n<li><span style=\"color: #008000;\"><strong>Belebung des Immunsystems<\/strong><\/span><br \/>\nEs tritt eine entz\u00fcndungshemmende Wirkung ein. Das Immunsystem wird durch die Belebung der Leukozytenbildung und -wanderung stabilisiert.<\/p>\n<\/li>\n<li><span style=\"color: #008000;\"><strong>Entgiftung und Entw\u00e4sserung<\/strong><\/span><br \/>\nDer Blutegel wirkt entw\u00e4ssernd und entgiftend durch die Beschleunigung des Lymphstromes, d.h. aus Blut und Gewebe str\u00f6mt Lymphe vermehrt in die Gewebsspalten und wird \u00fcber den Blutabfluss ausgeschieden.<\/p>\n<\/li>\n<li><span style=\"color: #008000;\"><strong>Blutneubildung<\/strong><\/span><br \/>\nDer durch diese Therapie gewollte Blutverlust regt den Organismus zur sofortigen Blutneubildung an. Frisches, sauerstoffreiches Blut bewirkt eine Erh\u00f6hung der Zellatmung und greift somit tief in den Heilungsprozess ein. Durch die enorme Sauerstoffaufnahme der Zellen wird die Gesamtkonstitution gest\u00e4rkt.<\/p>\n<\/li>\n<li><span style=\"color: #008000;\"><strong>Schmerzlinderung<\/strong><\/span><br \/>\nEs tritt eine beruhigende und entspannende Wirkung ein, Schmerzen lassen nach..<\/li>\n<\/ul>\n<div class=\"clearfix\">\n<div class=\"one-half\"><strong>Anwendungsgebiete<\/strong><br \/>\n&#8211; Allgemeine Gelenkserkrankungen<br \/>\n(z.B. Arthritis, Arthrose, Spat)<br \/>\n&#8211; Hufrollenerkrankung<br \/>\n&#8211; Kniegelenksarthrose, Schale<br \/>\n&#8211; Sehnenentz\u00fcndungen<br \/>\n&#8211; akute Rehe<br \/>\n&#8211; Patellaluxation<br \/>\n&#8211; H\u00fcftgelenksdysplasie (HD)<br \/>\nbei Hunden<br \/>\n&#8211; Bandscheibenvorfall<br \/>\n&#8211; Cauda equina<br \/>\n&#8211; krankhafte Ver\u00e4nderungen der Wirbels\u00e4ule<br \/>\nz. B. Spondylosen<br \/>\n&#8211; lokale Pyodermien<br \/>\n&#8211; Abszesse<br \/>\n&#8211; Furunkel\/Karbunkel<br \/>\n&#8211; \u00d6deme<br \/>\n&#8211; alle Formen von Entz\u00fcndungsprozessen<br \/>\n&#8211; allgemeine Entgiftung des K\u00f6rpers<br \/>\nz.B. nach Kastrationen.<br \/>\n&#8211; Aderlass zur Vitalit\u00e4tssteigerung, uvm.<br \/>\n<\/div>\n<div class=\"one-half last-col\"><strong>Kontraindikationen<\/strong><br \/>\n&#8211; Durchfall und Erbrechen<br \/>\n&#8211; Immunschw\u00e4che \/ schwache Konstitution<br \/>\n&#8211; Herz- und Kreislaufbeschwerden<br \/>\n&#8211; An\u00e4mie (Blutarmut)<br \/>\n&#8211; Blutgerinnungsst\u00f6rungen z.B. Bluter<br \/>\n&#8211; bei Einnahme von blutverd\u00fcnnenden Medikamenten<br \/>\n&#8211; akute Magengeschw\u00fcre<br \/>\n&#8211; Allergien<br \/>\n&#8211; allergische Reaktion auf Wirkstoffe des Blutegles<br \/>\n&#8211; starke Narbenbildung<br \/>\n&#8211; Diabetes mellitus<br \/>\n&#8211; Tiere mit einem Gewicht<br \/>\nunter 7 Kg.<br \/>\n&#8211; Tr\u00e4chtigkeit, uvm.<br \/>\n<\/div>\n<\/div>\n<strong>\u00a0<\/strong><\/p>\n<p>Jeder Blutegel wird nur einmal f\u00fcr die Therapie eingesetzt. F\u00fcr jede Behandlung bestelle ich die entsprechende Menge an frischen Egeln. Nach dem Eintreffen ben\u00f6tigen die Tiere noch einige Zeit der Ruhe um die Aufregung der Reise zu \u00fcberstehen. Bitte melden Sie Ihren Termin zwei bis drei Wochen im voraus an und bringen Sie Zeit und Geduld mit.<\/p>\n","protected":false},"excerpt":{"rendered":"<p>Die wohl \u00e4lteste Therapie in der Tierheilkunde ist der Einsatz es medizinischen Blutegels \u201eHirudo medicinalis officinalis\u201c.\u00a0 Diese Behandlungsmethode z\u00e4hlt zu den aus- und ableitenden Heilverfahren, <\/p>\n<p><a href=\"https:\/\/xn--tierheilpraxis-pln-t3b.de\/?page_id=50\" class=\"button1\">Read More &raquo;<\/a><\/p>\n","protected":false},"author":1,"featured_media":0,"parent":38,"menu_order":0,"comment_status":"closed","ping_status":"closed","template":"","meta":{"footnotes":""},"class_list":["post-50","page","type-page","status-publish","hentry"],"_links":{"self":[{"href":"https:\/\/xn--tierheilpraxis-pln-t3b.de\/index.php?rest_route=\/wp\/v2\/pages\/50","targetHints":{"allow":["GET"]}}],"collection":[{"href":"https:\/\/xn--tierheilpraxis-pln-t3b.de\/index.php?rest_route=\/wp\/v2\/pages"}],"about":[{"href":"https:\/\/xn--tierheilpraxis-pln-t3b.de\/index.php?rest_route=\/wp\/v2\/types\/page"}],"author":[{"embeddable":true,"href":"https:\/\/xn--tierheilpraxis-pln-t3b.de\/index.php?rest_route=\/wp\/v2\/users\/1"}],"replies":[{"embeddable":true,"href":"https:\/\/xn--tierheilpraxis-pln-t3b.de\/index.php?rest_route=%2Fwp%2Fv2%2Fcomments&post=50"}],"version-history":[{"count":28,"href":"https:\/\/xn--tierheilpraxis-pln-t3b.de\/index.php?rest_route=\/wp\/v2\/pages\/50\/revisions"}],"predecessor-version":[{"id":627,"href":"https:\/\/xn--tierheilpraxis-pln-t3b.de\/index.php?rest_route=\/wp\/v2\/pages\/50\/revisions\/627"}],"up":[{"embeddable":true,"href":"https:\/\/xn--tierheilpraxis-pln-t3b.de\/index.php?rest_route=\/wp\/v2\/pages\/38"}],"wp:attachment":[{"href":"https:\/\/xn--tierheilpraxis-pln-t3b.de\/index.php?rest_route=%2Fwp%2Fv2%2Fmedia&parent=50"}],"curies":[{"name":"wp","href":"https:\/\/api.w.org\/{rel}","templated":true}]}}