{"id":46,"date":"2014-03-06T22:22:47","date_gmt":"2014-03-06T20:22:47","guid":{"rendered":"http:\/\/xn--tierheilpraxis-pln-t3b.de\/?page_id=46"},"modified":"2018-05-28T14:01:40","modified_gmt":"2018-05-28T12:01:40","slug":"bach-blueten-therapie","status":"publish","type":"page","link":"https:\/\/xn--tierheilpraxis-pln-t3b.de\/?page_id=46","title":{"rendered":"Bach-Bl\u00fcten-Therapie"},"content":{"rendered":"<p>Der Entdecker der Bach-Bl\u00fcten-Therapie, ist der englische Arzt Dr.\u00a0 Edward Bach (1886 \u2013 1936).<br \/>\nEr entwickelte ein in sich geschlossenes System aus 38 urtypischen Seelenzust\u00e4nden. Hierf\u00fcr analysierte er Bl\u00fcten wildwachsender Blumen, Str\u00e4ucher und B\u00e4ume und teilte diese in folgende sieben Gruppen ein:<\/p>\n<p><img loading=\"lazy\" decoding=\"async\" class=\"alignleft wp-image-571\" src=\"https:\/\/xn--tierheilpraxis-pln-t3b.de\/wp-content\/uploads\/2018\/05\/CIMG0233-4-300x208.jpg\" alt=\"\" width=\"300\" height=\"208\" \/><\/p>\n<p>&nbsp;<\/p>\n<p><strong>&#8211; Angst<\/strong><br \/>\n<strong>&#8211; Unsicherheit<\/strong><br \/>\n<strong>&#8211; Interesselosigkeit<\/strong><br \/>\n<strong>&#8211; Mangelnde Abgrenzungsf\u00e4higkeit<\/strong><br \/>\n<strong>&#8211; Verzweiflung<\/strong><br \/>\n<strong>&#8211; Mutlosigkeit und<\/strong><br \/>\n<strong>&#8211; starke Sorgen um Andere<\/strong><\/p>\n<p>&nbsp;<\/p>\n<p>Dr. Bachs Philosophie beschreibt die Seelenebene als Ursprung einer Krankheit, die\u00a0 demnach ein Ausdruck f\u00fcr eine St\u00f6rung im fein ausbalancierten Gleichgewicht des Organismus ist,\u00a0 wobei jede Einzelbl\u00fcte alle psychischen und charakterlichen Disharmonien regulieren soll.<\/p>\n<p>Bachbl\u00fcten wirken nicht direkt auf Krankheiten ein, sondern sie helfen mit negativen Seelenzust\u00e4nden besser umzugehen und diese zu \u00fcberwinden, so dass es erst gar nicht zu Krankheitsentstehung auf k\u00f6rperlicher Ebene kommt.<\/p>\n<p>Negative Charakterz\u00fcge eines Tieres lassen sich jedoch in keiner Weise durch die Gabe einer Bachbl\u00fcte regulieren. Hierzu bedarf es einer speziellen Verhaltenstherapie in der auch der Mensch seine Handhabung dem Tier gegen\u00fcber anpasst.<\/p>\n<p>&nbsp;<\/p>\n<p><span class=\"p4\">*Um den gesetzlichen Anforderungen zu gen\u00fcgen, gebe ich folgenden Hinweis:<br \/>\nDie Bachbl\u00fctentherapie ist ein komplement\u00e4rmedizinisches Verfahren und wird von der evidenzbasierten Medizin nicht anerkannt.<\/span><\/p>\n","protected":false},"excerpt":{"rendered":"<p>Der Entdecker der Bach-Bl\u00fcten-Therapie, ist der englische Arzt Dr.\u00a0 Edward Bach (1886 \u2013 1936). Er entwickelte ein in sich geschlossenes System aus 38 urtypischen Seelenzust\u00e4nden. <\/p>\n<p><a href=\"https:\/\/xn--tierheilpraxis-pln-t3b.de\/?page_id=46\" class=\"button1\">Read More &raquo;<\/a><\/p>\n","protected":false},"author":1,"featured_media":352,"parent":38,"menu_order":0,"comment_status":"closed","ping_status":"closed","template":"","meta":{"footnotes":""},"class_list":["post-46","page","type-page","status-publish","has-post-thumbnail","hentry"],"_links":{"self":[{"href":"https:\/\/xn--tierheilpraxis-pln-t3b.de\/index.php?rest_route=\/wp\/v2\/pages\/46","targetHints":{"allow":["GET"]}}],"collection":[{"href":"https:\/\/xn--tierheilpraxis-pln-t3b.de\/index.php?rest_route=\/wp\/v2\/pages"}],"about":[{"href":"https:\/\/xn--tierheilpraxis-pln-t3b.de\/index.php?rest_route=\/wp\/v2\/types\/page"}],"author":[{"embeddable":true,"href":"https:\/\/xn--tierheilpraxis-pln-t3b.de\/index.php?rest_route=\/wp\/v2\/users\/1"}],"replies":[{"embeddable":true,"href":"https:\/\/xn--tierheilpraxis-pln-t3b.de\/index.php?rest_route=%2Fwp%2Fv2%2Fcomments&post=46"}],"version-history":[{"count":9,"href":"https:\/\/xn--tierheilpraxis-pln-t3b.de\/index.php?rest_route=\/wp\/v2\/pages\/46\/revisions"}],"predecessor-version":[{"id":573,"href":"https:\/\/xn--tierheilpraxis-pln-t3b.de\/index.php?rest_route=\/wp\/v2\/pages\/46\/revisions\/573"}],"up":[{"embeddable":true,"href":"https:\/\/xn--tierheilpraxis-pln-t3b.de\/index.php?rest_route=\/wp\/v2\/pages\/38"}],"wp:featuredmedia":[{"embeddable":true,"href":"https:\/\/xn--tierheilpraxis-pln-t3b.de\/index.php?rest_route=\/wp\/v2\/media\/352"}],"wp:attachment":[{"href":"https:\/\/xn--tierheilpraxis-pln-t3b.de\/index.php?rest_route=%2Fwp%2Fv2%2Fmedia&parent=46"}],"curies":[{"name":"wp","href":"https:\/\/api.w.org\/{rel}","templated":true}]}}