{"id":44,"date":"2014-03-06T22:22:15","date_gmt":"2014-03-06T20:22:15","guid":{"rendered":"http:\/\/xn--tierheilpraxis-pln-t3b.de\/?page_id=44"},"modified":"2018-05-14T08:17:39","modified_gmt":"2018-05-14T06:17:39","slug":"akupunktur-tcm","status":"publish","type":"page","link":"https:\/\/xn--tierheilpraxis-pln-t3b.de\/?page_id=44","title":{"rendered":"Akupunktur TCM"},"content":{"rendered":"<h3>Traditionelle Chinesische Medizin (TCM)<\/h3>\n<p>Die TCM z\u00e4hlt zu den \u00e4ltesten \u00fcberlieferten Gesundheitslehren. Ihr komplexes System hat sich in China im Laufe von tausenden Jahren entwickelt. Die praktische Anwendung und das Diagnoseverfahren st\u00fctzt sich auf genaueste Beobachtungen des Behandlers, welche mitunter sehr von den westlichen Methoden abweichen, beispielsweise werden wichtige Erkenntnisse der Diagnose \u00fcber den Puls und auch das Aussehen der Zunge des tierischen Patienten gesammelt, ebenso \u00fcber den Geruch.<\/p>\n<p>Die TCM beruft sich weder auf Anatomie noch auf Physiologie wie wir sie kennen, sondern beruht auf komplexen Funktionskreisl\u00e4ufen, die miteinander in Verbindung stehen und von denen jeder eine wichtige Bedeutung f\u00fcr die Abl\u00e4ufe im K\u00f6rper hat. Selbst wenn sie namentlich auch einzelnen Organen zugeordnet werden, so ist ihre Aufgabe eine andere als wir sie in der westlichen Medizin von den einzelnen genannten Organen her kennen.<\/p>\n<p>Die Funktionskreisl\u00e4ufe korrespondieren miteinander und die Lebensenergie Qi flie\u00dft \u00fcber Energie-Bahnen durch den Organismus.<\/p>\n<p>Ist der Energieflu\u00df aus irgendeinem Grunde gest\u00f6rt, in Disharmonie oder sogar blockiert, so sind auch die Funktionskreisl\u00e4ufe beeintr\u00e4chtigt und es werden sich rasch Krankheitssymptome welcher Art auch immer einstellen und bei Nichtbeachtung gar manifestieren und verschlimmern.<\/p>\n<blockquote><p><strong>In meiner Praxis finden folgende Behandlungsmethoden Verwendung:<\/strong><br \/>\nAkupunktur mit Nadel oder Laser, Akupressur, Meridianmassage, Moxibustion.<\/p><\/blockquote>\n","protected":false},"excerpt":{"rendered":"<p>Traditionelle Chinesische Medizin (TCM) Die TCM z\u00e4hlt zu den \u00e4ltesten \u00fcberlieferten Gesundheitslehren. Ihr komplexes System hat sich in China im Laufe von tausenden Jahren entwickelt. <\/p>\n<p><a href=\"https:\/\/xn--tierheilpraxis-pln-t3b.de\/?page_id=44\" class=\"button1\">Read More &raquo;<\/a><\/p>\n","protected":false},"author":1,"featured_media":0,"parent":38,"menu_order":0,"comment_status":"closed","ping_status":"closed","template":"","meta":{"footnotes":""},"class_list":["post-44","page","type-page","status-publish","hentry"],"_links":{"self":[{"href":"https:\/\/xn--tierheilpraxis-pln-t3b.de\/index.php?rest_route=\/wp\/v2\/pages\/44","targetHints":{"allow":["GET"]}}],"collection":[{"href":"https:\/\/xn--tierheilpraxis-pln-t3b.de\/index.php?rest_route=\/wp\/v2\/pages"}],"about":[{"href":"https:\/\/xn--tierheilpraxis-pln-t3b.de\/index.php?rest_route=\/wp\/v2\/types\/page"}],"author":[{"embeddable":true,"href":"https:\/\/xn--tierheilpraxis-pln-t3b.de\/index.php?rest_route=\/wp\/v2\/users\/1"}],"replies":[{"embeddable":true,"href":"https:\/\/xn--tierheilpraxis-pln-t3b.de\/index.php?rest_route=%2Fwp%2Fv2%2Fcomments&post=44"}],"version-history":[{"count":6,"href":"https:\/\/xn--tierheilpraxis-pln-t3b.de\/index.php?rest_route=\/wp\/v2\/pages\/44\/revisions"}],"predecessor-version":[{"id":434,"href":"https:\/\/xn--tierheilpraxis-pln-t3b.de\/index.php?rest_route=\/wp\/v2\/pages\/44\/revisions\/434"}],"up":[{"embeddable":true,"href":"https:\/\/xn--tierheilpraxis-pln-t3b.de\/index.php?rest_route=\/wp\/v2\/pages\/38"}],"wp:attachment":[{"href":"https:\/\/xn--tierheilpraxis-pln-t3b.de\/index.php?rest_route=%2Fwp%2Fv2%2Fmedia&parent=44"}],"curies":[{"name":"wp","href":"https:\/\/api.w.org\/{rel}","templated":true}]}}