{"id":38,"date":"2014-03-06T22:21:08","date_gmt":"2014-03-06T20:21:08","guid":{"rendered":"http:\/\/xn--tierheilpraxis-pln-t3b.de\/?page_id=38"},"modified":"2019-03-22T18:16:55","modified_gmt":"2019-03-22T17:16:55","slug":"leistungen","status":"publish","type":"page","link":"https:\/\/xn--tierheilpraxis-pln-t3b.de\/","title":{"rendered":"Leistungen"},"content":{"rendered":"<p>Auf den n\u00e4chsten Seite finden Sie Einzelheiten zu meinen spezifischen Angeboten.<\/p>\n<p>Sollten Sie unter den weiteren Kategorien nicht f\u00fcndig werden, k\u00f6nnen Sie sich gerne auch pers\u00f6nlich mit mir in Kontakt treten. Rufen Sie mich einfach an oder schreben Sie mir eine E-mail!<\/p>\n","protected":false},"excerpt":{"rendered":"<p>Auf den n\u00e4chsten Seite finden Sie Einzelheiten zu meinen spezifischen Angeboten. Sollten Sie unter den weiteren Kategorien nicht f\u00fcndig werden, k\u00f6nnen Sie sich gerne auch <\/p>\n<p><a href=\"https:\/\/xn--tierheilpraxis-pln-t3b.de\/\" class=\"button1\">Read More &raquo;<\/a><\/p>\n","protected":false},"author":1,"featured_media":0,"parent":0,"menu_order":0,"comment_status":"closed","ping_status":"closed","template":"","meta":{"footnotes":""},"class_list":["post-38","page","type-page","status-publish","hentry"],"_links":{"self":[{"href":"https:\/\/xn--tierheilpraxis-pln-t3b.de\/index.php?rest_route=\/wp\/v2\/pages\/38","targetHints":{"allow":["GET"]}}],"collection":[{"href":"https:\/\/xn--tierheilpraxis-pln-t3b.de\/index.php?rest_route=\/wp\/v2\/pages"}],"about":[{"href":"https:\/\/xn--tierheilpraxis-pln-t3b.de\/index.php?rest_route=\/wp\/v2\/types\/page"}],"author":[{"embeddable":true,"href":"https:\/\/xn--tierheilpraxis-pln-t3b.de\/index.php?rest_route=\/wp\/v2\/users\/1"}],"replies":[{"embeddable":true,"href":"https:\/\/xn--tierheilpraxis-pln-t3b.de\/index.php?rest_route=%2Fwp%2Fv2%2Fcomments&post=38"}],"version-history":[{"count":5,"href":"https:\/\/xn--tierheilpraxis-pln-t3b.de\/index.php?rest_route=\/wp\/v2\/pages\/38\/revisions"}],"predecessor-version":[{"id":646,"href":"https:\/\/xn--tierheilpraxis-pln-t3b.de\/index.php?rest_route=\/wp\/v2\/pages\/38\/revisions\/646"}],"wp:attachment":[{"href":"https:\/\/xn--tierheilpraxis-pln-t3b.de\/index.php?rest_route=%2Fwp%2Fv2%2Fmedia&parent=38"}],"curies":[{"name":"wp","href":"https:\/\/api.w.org\/{rel}","templated":true}]}}