{"id":370,"date":"2014-04-08T15:03:12","date_gmt":"2014-04-08T13:03:12","guid":{"rendered":"http:\/\/xn--tierheilpraxis-pln-t3b.de\/?page_id=370"},"modified":"2018-05-14T08:21:45","modified_gmt":"2018-05-14T06:21:45","slug":"sonstige","status":"publish","type":"page","link":"https:\/\/xn--tierheilpraxis-pln-t3b.de\/?page_id=370","title":{"rendered":"Lymphdrainage &#038; Massage"},"content":{"rendered":"<h3><span style=\"color: #008000;\"><strong>Lymphdrainage<\/strong><\/span><\/h3>\n<p>Die manuelle Lymphdrainage ist eine Form der physikalischen Therapien. Ihre Anwendungsgebiete sind breit gef\u00e4chert. Sie dient vor allem als \u00d6dem- und Entstauungstherapie \u00f6demat\u00f6ser K\u00f6rperregionen, wie K\u00f6rperstamm und Extremit\u00e4ten (Vorder- und Hinterl\u00e4ufe), welche nach Traumata oder Operationen entstehen k\u00f6nnen. Besonders h\u00e4ufig wird diese Therapie nach einer Tumorbehandlung bzw. Lymphknotenentfernung durchgef\u00fchrt.<\/p>\n<h3><span style=\"color: #008000;\"><strong>Massage<\/strong><\/span><\/h3>\n<p>Die Massage ist eine therapeutische Erg\u00e4nzung zur Arzneibehandlung. Die Muskeln der Gliedma\u00dfen, der Brust und des R\u00fcckens werden m\u00e4\u00dfig gedr\u00fcckt und gleichsam geknetet. Dadurch wird das Lebensprinzip angeregt, in seiner Gegenwirkung der Tonus der Muskeln und ihrer Blut- und Lymphgef\u00e4\u00dfe wieder hergestellt.<\/p>\n","protected":false},"excerpt":{"rendered":"<p>Lymphdrainage Die manuelle Lymphdrainage ist eine Form der physikalischen Therapien. Ihre Anwendungsgebiete sind breit gef\u00e4chert. Sie dient vor allem als \u00d6dem- und Entstauungstherapie \u00f6demat\u00f6ser K\u00f6rperregionen, <\/p>\n<p><a href=\"https:\/\/xn--tierheilpraxis-pln-t3b.de\/?page_id=370\" class=\"button1\">Read More &raquo;<\/a><\/p>\n","protected":false},"author":1,"featured_media":0,"parent":38,"menu_order":0,"comment_status":"closed","ping_status":"closed","template":"","meta":{"footnotes":""},"class_list":["post-370","page","type-page","status-publish","hentry"],"_links":{"self":[{"href":"https:\/\/xn--tierheilpraxis-pln-t3b.de\/index.php?rest_route=\/wp\/v2\/pages\/370","targetHints":{"allow":["GET"]}}],"collection":[{"href":"https:\/\/xn--tierheilpraxis-pln-t3b.de\/index.php?rest_route=\/wp\/v2\/pages"}],"about":[{"href":"https:\/\/xn--tierheilpraxis-pln-t3b.de\/index.php?rest_route=\/wp\/v2\/types\/page"}],"author":[{"embeddable":true,"href":"https:\/\/xn--tierheilpraxis-pln-t3b.de\/index.php?rest_route=\/wp\/v2\/users\/1"}],"replies":[{"embeddable":true,"href":"https:\/\/xn--tierheilpraxis-pln-t3b.de\/index.php?rest_route=%2Fwp%2Fv2%2Fcomments&post=370"}],"version-history":[{"count":6,"href":"https:\/\/xn--tierheilpraxis-pln-t3b.de\/index.php?rest_route=\/wp\/v2\/pages\/370\/revisions"}],"predecessor-version":[{"id":558,"href":"https:\/\/xn--tierheilpraxis-pln-t3b.de\/index.php?rest_route=\/wp\/v2\/pages\/370\/revisions\/558"}],"up":[{"embeddable":true,"href":"https:\/\/xn--tierheilpraxis-pln-t3b.de\/index.php?rest_route=\/wp\/v2\/pages\/38"}],"wp:attachment":[{"href":"https:\/\/xn--tierheilpraxis-pln-t3b.de\/index.php?rest_route=%2Fwp%2Fv2%2Fmedia&parent=370"}],"curies":[{"name":"wp","href":"https:\/\/api.w.org\/{rel}","templated":true}]}}