{"id":36,"date":"2014-03-06T22:20:49","date_gmt":"2014-03-06T20:20:49","guid":{"rendered":"http:\/\/xn--tierheilpraxis-pln-t3b.de\/?page_id=36"},"modified":"2022-07-31T08:07:42","modified_gmt":"2022-07-31T06:07:42","slug":"gebuehren","status":"publish","type":"page","link":"https:\/\/xn--tierheilpraxis-pln-t3b.de\/?page_id=36","title":{"rendered":"Geb\u00fchren"},"content":{"rendered":"<h3>Geb\u00fchrenverzeichnis f\u00fcr Tierheilpraktiker<\/h3>\n<p>Meine Geb\u00fchren rechne ich nach dem Geb\u00fchrenverzeichnis f\u00fcr Tierheilpraktiker bzw. der Kooperation deutscher Tierheilpraktiker-Verb\u00e4nde e.V. (Stand 2020) ab.<\/p>\n<p>Pro Behandlung beginnen die Kosten, je nach Zeitaufwand und Tierart bei ca. 25,00 \u20ac. Dazu kommen die Laboraufwendungen, in der Regel sofort verabreichte Medikamente und Wegegeb\u00fchren in der Fahrpraxis.<\/p>\n<blockquote><p>Weggeb\u00fchren Stadt Pl\u00f6n 10,00 \u20ac Pauschal<\/p>\n<p>Umland bis 10 km 15,00 \u20ac Pauschal<\/p>\n<p>Au\u00dferhalb (\u00fcber 10 km)\u00a0 1,00 \u20ac pro km f\u00fcr Hin- und R\u00fcckfahrt<\/p><\/blockquote>\n","protected":false},"excerpt":{"rendered":"<p>Geb\u00fchrenverzeichnis f\u00fcr Tierheilpraktiker Meine Geb\u00fchren rechne ich nach dem Geb\u00fchrenverzeichnis f\u00fcr Tierheilpraktiker bzw. der Kooperation deutscher Tierheilpraktiker-Verb\u00e4nde e.V. (Stand 2020) ab. Pro Behandlung beginnen die <\/p>\n<p><a href=\"https:\/\/xn--tierheilpraxis-pln-t3b.de\/?page_id=36\" class=\"button1\">Read More &raquo;<\/a><\/p>\n","protected":false},"author":1,"featured_media":0,"parent":32,"menu_order":0,"comment_status":"closed","ping_status":"closed","template":"","meta":{"footnotes":""},"class_list":["post-36","page","type-page","status-publish","hentry"],"_links":{"self":[{"href":"https:\/\/xn--tierheilpraxis-pln-t3b.de\/index.php?rest_route=\/wp\/v2\/pages\/36","targetHints":{"allow":["GET"]}}],"collection":[{"href":"https:\/\/xn--tierheilpraxis-pln-t3b.de\/index.php?rest_route=\/wp\/v2\/pages"}],"about":[{"href":"https:\/\/xn--tierheilpraxis-pln-t3b.de\/index.php?rest_route=\/wp\/v2\/types\/page"}],"author":[{"embeddable":true,"href":"https:\/\/xn--tierheilpraxis-pln-t3b.de\/index.php?rest_route=\/wp\/v2\/users\/1"}],"replies":[{"embeddable":true,"href":"https:\/\/xn--tierheilpraxis-pln-t3b.de\/index.php?rest_route=%2Fwp%2Fv2%2Fcomments&post=36"}],"version-history":[{"count":19,"href":"https:\/\/xn--tierheilpraxis-pln-t3b.de\/index.php?rest_route=\/wp\/v2\/pages\/36\/revisions"}],"predecessor-version":[{"id":621,"href":"https:\/\/xn--tierheilpraxis-pln-t3b.de\/index.php?rest_route=\/wp\/v2\/pages\/36\/revisions\/621"}],"up":[{"embeddable":true,"href":"https:\/\/xn--tierheilpraxis-pln-t3b.de\/index.php?rest_route=\/wp\/v2\/pages\/32"}],"wp:attachment":[{"href":"https:\/\/xn--tierheilpraxis-pln-t3b.de\/index.php?rest_route=%2Fwp%2Fv2%2Fmedia&parent=36"}],"curies":[{"name":"wp","href":"https:\/\/api.w.org\/{rel}","templated":true}]}}