{"id":354,"date":"2014-04-08T13:58:21","date_gmt":"2014-04-08T11:58:21","guid":{"rendered":"http:\/\/xn--tierheilpraxis-pln-t3b.de\/?page_id=354"},"modified":"2025-10-29T14:50:50","modified_gmt":"2025-10-29T13:50:50","slug":"phyto-therapie","status":"publish","type":"page","link":"https:\/\/xn--tierheilpraxis-pln-t3b.de\/?page_id=354","title":{"rendered":"Phyto-Therapie"},"content":{"rendered":"<p>Die Pflanzenheilkunde geh\u00f6rt zu den \u00e4ltesten Therapien und basiert teilweise auf traditioneller Medizin. Erfahrungswerte sowie \u00fcberliefertes Wissen spielen eine wichtige Rolle. Ich wende diese Therapie vor allem bei pflanzenfressenden Tieren wie z.B. Pferden an. Grundlage der Pflanzenheilkunde ist das Wissen um die verschiedenen Heilpflanzen, ihrer Inhaltsstoffe und ihrer therapeutisches Wirkungsweise. Um diese Therapie anwenden zu d\u00fcrfen, habe ich vor der Industrie- und Handelskammer zu Braunschweig die Pr\u00fcfung f\u00fcr den Sachkundenachweis abgelegt.<\/p>\n<p>In der Pflanzenheilkunde kommen grunds\u00e4tzlich nur ganze Pflanzen oder Pflanzenteile (Bl\u00fcten, Bl\u00e4tter, Samen, Rinden, Wurzeln), jedoch keine isolierten Einzelstoffe zur Anwendung. Diese in der Pharmazie Drogen genannten Ausgangsstoffe werden frisch oder als Aufguss bzw. Tee, Saft, Tinktur, Extrakt, Pulver, \u00c4therisches \u00d6l etc. therapeutisch angewendet. Da immer Stoffgemische wirken, k\u00f6nnen Heilpflanzen verschieden ausgepr\u00e4gte Wirkungen haben oder bei verschiedenen Krankheitsbildern zur Anwendung kommen.<\/p>\n<p>Johanniskraut beispielsweise beinhaltet unteranderem Gerbstoffe mit antientz\u00fcndlicher und reizmildernder Wirkung. Die Sekretion wird gehemmt und au\u00dferdem wirkt es leicht anesthetisch.<\/p>\n\n\n<p><\/p>\n\n\n\n<p><\/p>\n\n\n\n<p><\/p>\n\n\n\n<h2 class=\"wp-block-heading\">Gemmo-Therapie<\/h2>\n\n\n\n<p><\/p>\n\n\n\n<p>Bereits vor langer Zeit wurden in der Traditionellen Chinesischen Medizin und im Ayurveda, Knospen zu Heilzwecken genutzt. Hildegard von Bingen (1098-1179) empfahl die Einnahme von Pflanzenknospen in verschiedenen Zubereitungsarten.<\/p>\n\n\n\n<p>Der belgische Arzt Dr. Pol Henry (1918-1988) gilt als Begr\u00fcnder der Gemmotherapie, um 1950. Der franz\u00f6sische Hom\u00f6opath Dr. Max T\u00e9tau (1927\u20132012) erweiterte diese Therapieform mit Pflanzenwirkstoffen.<\/p>\n\n\n\n<p>In der Phytotherapie werden je nach Erkrankung und Zubereitungsform alle Pflanzenteile genutzt. In der Gemmotherapie sind es Extrakte aus jungen Pflanzenknospen, Trieben und Sprossen. Sie sind besonders reich an pflanzlichen Wachstumsfaktoren, Phytohormonen, Vitaminen, Mineralien, Aminos\u00e4uren, Enzymen und anderen Vitalstoffen, die f\u00fcr das Wachstum und die Regeneration der Pflanze wichtig sind und auch als \u201epflanzliche Stammzellen\u201c bezeichnet werden.<\/p>\n\n\n\n<p>Die frischen Knospen und Triebspitzen von B\u00e4umen und B\u00fcschen werden im Fr\u00fchjahr in einer Mischung aus pflanzlichem Glycerin, Alkohol und Wasser eingelegt. In dieses Gemisch k\u00f6nnen sie ihre wertvollen Inhaltsstoffe abgeben. Die Anwendung erfolgt nach anschlie\u00dfender Verd\u00fcnnung.<\/p>\n\n\n\n<p>Gemmomazerate k\u00f6nnen bei verschiedenen akuten und chronischen Beschwerden wie bei funktionellen St\u00f6rungen, hormonellen Ungleichgewichten und entz\u00fcndlichen Prozessen helfen, indem sie den Zellhaushalt positiv beeinflussen und die k\u00f6rpereigenen Abwehrkr\u00e4fte st\u00e4rken.<\/p>\n\n\n\n<p>Die Gemmotherapie ist in meiner Praxis eine wertvolle Begleitung, um meine tierischen Patienten individuell und ganzheitlich zu unterst\u00fctzen. Ihre traditionelle Wirksamkeit und gute Vertr\u00e4glichkeit machen sie zu einer wesentlichen S\u00e4ule der modernen Naturmedizin in der Tierheilpraxis.<\/p>\n","protected":false},"excerpt":{"rendered":"<p>Die Pflanzenheilkunde geh\u00f6rt zu den \u00e4ltesten Therapien und basiert teilweise auf traditioneller Medizin. Erfahrungswerte sowie \u00fcberliefertes Wissen spielen eine wichtige Rolle. Ich wende diese Therapie <\/p>\n<p><a href=\"https:\/\/xn--tierheilpraxis-pln-t3b.de\/?page_id=354\" class=\"button1\">Read More &raquo;<\/a><\/p>\n","protected":false},"author":1,"featured_media":0,"parent":38,"menu_order":0,"comment_status":"closed","ping_status":"closed","template":"","meta":{"footnotes":""},"class_list":["post-354","page","type-page","status-publish","hentry"],"_links":{"self":[{"href":"https:\/\/xn--tierheilpraxis-pln-t3b.de\/index.php?rest_route=\/wp\/v2\/pages\/354","targetHints":{"allow":["GET"]}}],"collection":[{"href":"https:\/\/xn--tierheilpraxis-pln-t3b.de\/index.php?rest_route=\/wp\/v2\/pages"}],"about":[{"href":"https:\/\/xn--tierheilpraxis-pln-t3b.de\/index.php?rest_route=\/wp\/v2\/types\/page"}],"author":[{"embeddable":true,"href":"https:\/\/xn--tierheilpraxis-pln-t3b.de\/index.php?rest_route=\/wp\/v2\/users\/1"}],"replies":[{"embeddable":true,"href":"https:\/\/xn--tierheilpraxis-pln-t3b.de\/index.php?rest_route=%2Fwp%2Fv2%2Fcomments&post=354"}],"version-history":[{"count":6,"href":"https:\/\/xn--tierheilpraxis-pln-t3b.de\/index.php?rest_route=\/wp\/v2\/pages\/354\/revisions"}],"predecessor-version":[{"id":673,"href":"https:\/\/xn--tierheilpraxis-pln-t3b.de\/index.php?rest_route=\/wp\/v2\/pages\/354\/revisions\/673"}],"up":[{"embeddable":true,"href":"https:\/\/xn--tierheilpraxis-pln-t3b.de\/index.php?rest_route=\/wp\/v2\/pages\/38"}],"wp:attachment":[{"href":"https:\/\/xn--tierheilpraxis-pln-t3b.de\/index.php?rest_route=%2Fwp%2Fv2%2Fmedia&parent=354"}],"curies":[{"name":"wp","href":"https:\/\/api.w.org\/{rel}","templated":true}]}}