{"id":26,"date":"2014-03-06T22:19:05","date_gmt":"2014-03-06T20:19:05","guid":{"rendered":"http:\/\/xn--tierheilpraxis-pln-t3b.de\/?page_id=26"},"modified":"2014-03-11T19:41:28","modified_gmt":"2014-03-11T17:41:28","slug":"sprechstunden","status":"publish","type":"page","link":"https:\/\/xn--tierheilpraxis-pln-t3b.de\/?page_id=26","title":{"rendered":"Sprechstunden"},"content":{"rendered":"<p>Bitte vereinbaren Sie mit mir telefonisch einen Termin. Die eingerichtete Rufumleitung ist f\u00fcr Sie kostenlos.<\/p>\n<p>Bitte beachten Sie, die Erstanamnesen, Beratungen und Gro\u00dftierbest\u00e4nde k\u00f6nnen je nach Tierart einige Zeit in Anspruch nehmen. (Weitere Hinweise unter dem Punkt &#8222;Behandlung &amp; Anamnese&#8220;)<\/p>\n","protected":false},"excerpt":{"rendered":"<p>Bitte vereinbaren Sie mit mir telefonisch einen Termin. Die eingerichtete Rufumleitung ist f\u00fcr Sie kostenlos. Bitte beachten Sie, die Erstanamnesen, Beratungen und Gro\u00dftierbest\u00e4nde k\u00f6nnen je <\/p>\n<p><a href=\"https:\/\/xn--tierheilpraxis-pln-t3b.de\/?page_id=26\" class=\"button1\">Read More &raquo;<\/a><\/p>\n","protected":false},"author":1,"featured_media":0,"parent":20,"menu_order":0,"comment_status":"closed","ping_status":"closed","template":"","meta":{"footnotes":""},"class_list":["post-26","page","type-page","status-publish","hentry"],"_links":{"self":[{"href":"https:\/\/xn--tierheilpraxis-pln-t3b.de\/index.php?rest_route=\/wp\/v2\/pages\/26","targetHints":{"allow":["GET"]}}],"collection":[{"href":"https:\/\/xn--tierheilpraxis-pln-t3b.de\/index.php?rest_route=\/wp\/v2\/pages"}],"about":[{"href":"https:\/\/xn--tierheilpraxis-pln-t3b.de\/index.php?rest_route=\/wp\/v2\/types\/page"}],"author":[{"embeddable":true,"href":"https:\/\/xn--tierheilpraxis-pln-t3b.de\/index.php?rest_route=\/wp\/v2\/users\/1"}],"replies":[{"embeddable":true,"href":"https:\/\/xn--tierheilpraxis-pln-t3b.de\/index.php?rest_route=%2Fwp%2Fv2%2Fcomments&post=26"}],"version-history":[{"count":7,"href":"https:\/\/xn--tierheilpraxis-pln-t3b.de\/index.php?rest_route=\/wp\/v2\/pages\/26\/revisions"}],"predecessor-version":[{"id":283,"href":"https:\/\/xn--tierheilpraxis-pln-t3b.de\/index.php?rest_route=\/wp\/v2\/pages\/26\/revisions\/283"}],"up":[{"embeddable":true,"href":"https:\/\/xn--tierheilpraxis-pln-t3b.de\/index.php?rest_route=\/wp\/v2\/pages\/20"}],"wp:attachment":[{"href":"https:\/\/xn--tierheilpraxis-pln-t3b.de\/index.php?rest_route=%2Fwp%2Fv2%2Fmedia&parent=26"}],"curies":[{"name":"wp","href":"https:\/\/api.w.org\/{rel}","templated":true}]}}