{"id":218,"date":"2014-03-07T18:07:00","date_gmt":"2014-03-07T16:07:00","guid":{"rendered":"http:\/\/xn--tierheilpraxis-pln-t3b.de\/?page_id=218"},"modified":"2018-05-09T19:12:51","modified_gmt":"2018-05-09T17:12:51","slug":"impressum","status":"publish","type":"page","link":"https:\/\/xn--tierheilpraxis-pln-t3b.de\/?page_id=218","title":{"rendered":"Impressum"},"content":{"rendered":"<p>Tierheilpraxis Ute Lundius<br \/>\nKieler Kamp 15a<br \/>\n24306 Pl\u00f6n<\/p>\n<p><strong>Telefon <\/strong>0 45 22 \/ 94 60<br \/>\n<strong>Fax <\/strong>0 45 22 \/ 65 77<br \/>\n<strong>Mobil<\/strong> 0171 &#8211; 70 33 401<br \/>\n<strong>Email<\/strong> thp@ute-lundius.de<\/p>\n<p>Steuernummer:<br \/>\n26\/151\/03824, Finanzamt Pl\u00f6n<\/p>\n<p>Berufshaftpflicht-Versicherung:<br \/>\nAXA Versicherungs-AG, Postfach 92 01 45, 51151 K\u00f6ln\u00a0 Vers.-Nr.: 70240395501\/3M<\/p>\n<p>Falls nicht anders angegeben, unterliegen alle Seiten in diesem Internetangebot dem Urheberrecht (Copyright). Dies gilt insbesondere f\u00fcr Texte, Bilder, Grafiken, Ton- oder Animationsdateien einschlie\u00dflich deren Anordnung auf den Web-Seiten. Eine Vervielf\u00e4ltigung oder Verwendung solcher Seiten, oder Teilen davon, in einer anderen elektronischen oder gedruckten Publikationen und deren Ver\u00f6ffentlichung, auch im Internet, ist nur nach vorheriger Genehmigung gestattet. Weiterhin k\u00f6nnen Bilder, Grafiken, Text- oder sonstige Dateien ganz oder teilweise dem Urheberrecht Dritter unterliegen.<\/p>\n<p>Alle innerhalb des Internetangebotes genannten und ggf. durch Dritte gesch\u00fctzten Marken und Warenzeichen unterliegen uneingeschr\u00e4nkt den Bestimmungen des jeweils g\u00fcltigen Kennzeichenrechts und dem Besitzrecht der jeweiligen eingetragenen Eigent\u00fcmer.<\/p>\n<p>Allein aufgrund der blo\u00dfen Nennung in diesem Internetangebot ist nicht der Schluss zu ziehen, dass Markenzeichen nicht durch Rechte Dritter gesch\u00fctzt sind.<\/p>\n","protected":false},"excerpt":{"rendered":"<p>Tierheilpraxis Ute Lundius Kieler Kamp 15a 24306 Pl\u00f6n Telefon 0 45 22 \/ 94 60 Fax 0 45 22 \/ 65 77 Mobil 0171 &#8211; <\/p>\n<p><a href=\"https:\/\/xn--tierheilpraxis-pln-t3b.de\/?page_id=218\" class=\"button1\">Read More &raquo;<\/a><\/p>\n","protected":false},"author":1,"featured_media":0,"parent":58,"menu_order":0,"comment_status":"closed","ping_status":"closed","template":"","meta":{"footnotes":""},"class_list":["post-218","page","type-page","status-publish","hentry"],"_links":{"self":[{"href":"https:\/\/xn--tierheilpraxis-pln-t3b.de\/index.php?rest_route=\/wp\/v2\/pages\/218","targetHints":{"allow":["GET"]}}],"collection":[{"href":"https:\/\/xn--tierheilpraxis-pln-t3b.de\/index.php?rest_route=\/wp\/v2\/pages"}],"about":[{"href":"https:\/\/xn--tierheilpraxis-pln-t3b.de\/index.php?rest_route=\/wp\/v2\/types\/page"}],"author":[{"embeddable":true,"href":"https:\/\/xn--tierheilpraxis-pln-t3b.de\/index.php?rest_route=\/wp\/v2\/users\/1"}],"replies":[{"embeddable":true,"href":"https:\/\/xn--tierheilpraxis-pln-t3b.de\/index.php?rest_route=%2Fwp%2Fv2%2Fcomments&post=218"}],"version-history":[{"count":8,"href":"https:\/\/xn--tierheilpraxis-pln-t3b.de\/index.php?rest_route=\/wp\/v2\/pages\/218\/revisions"}],"predecessor-version":[{"id":410,"href":"https:\/\/xn--tierheilpraxis-pln-t3b.de\/index.php?rest_route=\/wp\/v2\/pages\/218\/revisions\/410"}],"up":[{"embeddable":true,"href":"https:\/\/xn--tierheilpraxis-pln-t3b.de\/index.php?rest_route=\/wp\/v2\/pages\/58"}],"wp:attachment":[{"href":"https:\/\/xn--tierheilpraxis-pln-t3b.de\/index.php?rest_route=%2Fwp%2Fv2%2Fmedia&parent=218"}],"curies":[{"name":"wp","href":"https:\/\/api.w.org\/{rel}","templated":true}]}}