{"id":20,"date":"2014-03-06T22:18:20","date_gmt":"2014-03-06T20:18:20","guid":{"rendered":"http:\/\/xn--tierheilpraxis-pln-t3b.de\/?page_id=20"},"modified":"2018-05-09T19:49:11","modified_gmt":"2018-05-09T17:49:11","slug":"praxis","status":"publish","type":"page","link":"https:\/\/xn--tierheilpraxis-pln-t3b.de\/?page_id=20","title":{"rendered":"Praxis"},"content":{"rendered":"<p>Auf den n\u00e4chsten Seite finden Sie Einzelheiten zu meinen spezifischen Angeboten.<\/p>\n<p>Sollten Sie unter den weiteren Kategorien nicht f\u00fcndig werden, k\u00f6nnen Sie sich gerne auch pers\u00f6nlich mit mir in Kontakt treten. Rufen Sie mich einfach an oder schreben Sie mir eine E-Mail!<\/p>\n","protected":false},"excerpt":{"rendered":"<p>Auf den n\u00e4chsten Seite finden Sie Einzelheiten zu meinen spezifischen Angeboten. Sollten Sie unter den weiteren Kategorien nicht f\u00fcndig werden, k\u00f6nnen Sie sich gerne auch <\/p>\n<p><a href=\"https:\/\/xn--tierheilpraxis-pln-t3b.de\/?page_id=20\" class=\"button1\">Read More &raquo;<\/a><\/p>\n","protected":false},"author":1,"featured_media":0,"parent":0,"menu_order":0,"comment_status":"closed","ping_status":"closed","template":"","meta":{"footnotes":""},"class_list":["post-20","page","type-page","status-publish","hentry"],"_links":{"self":[{"href":"https:\/\/xn--tierheilpraxis-pln-t3b.de\/index.php?rest_route=\/wp\/v2\/pages\/20","targetHints":{"allow":["GET"]}}],"collection":[{"href":"https:\/\/xn--tierheilpraxis-pln-t3b.de\/index.php?rest_route=\/wp\/v2\/pages"}],"about":[{"href":"https:\/\/xn--tierheilpraxis-pln-t3b.de\/index.php?rest_route=\/wp\/v2\/types\/page"}],"author":[{"embeddable":true,"href":"https:\/\/xn--tierheilpraxis-pln-t3b.de\/index.php?rest_route=\/wp\/v2\/users\/1"}],"replies":[{"embeddable":true,"href":"https:\/\/xn--tierheilpraxis-pln-t3b.de\/index.php?rest_route=%2Fwp%2Fv2%2Fcomments&post=20"}],"version-history":[{"count":14,"href":"https:\/\/xn--tierheilpraxis-pln-t3b.de\/index.php?rest_route=\/wp\/v2\/pages\/20\/revisions"}],"predecessor-version":[{"id":411,"href":"https:\/\/xn--tierheilpraxis-pln-t3b.de\/index.php?rest_route=\/wp\/v2\/pages\/20\/revisions\/411"}],"wp:attachment":[{"href":"https:\/\/xn--tierheilpraxis-pln-t3b.de\/index.php?rest_route=%2Fwp%2Fv2%2Fmedia&parent=20"}],"curies":[{"name":"wp","href":"https:\/\/api.w.org\/{rel}","templated":true}]}}