{"id":2,"date":"2014-03-06T12:02:37","date_gmt":"2014-03-06T12:02:37","guid":{"rendered":"http:\/\/xn--tierheilpraxis-pln-t3b.de\/?page_id=2"},"modified":"2014-03-06T15:12:40","modified_gmt":"2014-03-06T13:12:40","slug":"beispiel-seite","status":"publish","type":"page","link":"https:\/\/xn--tierheilpraxis-pln-t3b.de\/?page_id=2","title":{"rendered":"Willkommen"},"content":{"rendered":"<style type=\"text\/css\"><!--\n@page { margin: 2cm }\n\t\tP { margin-bottom: 0.21cm }\n--><\/style>\n<p><strong>Herzlich Willkommen auf meiner Internetseite<\/strong><\/p>\n<p>Ich freue mich, dass Sie sich daf\u00fcr interessieren, Ihr Tier im Naturheilverfahren behandeln zu lassen. Hier erhalten Sie einige hilfreiche Informationen \u00fcber die Naturheilkunde und meine M\u00f6glichkeiten der Behandlung, von akuten und chronischen Erkrankungen sowie Verhaltensst\u00f6rungen und vorbeugende Ma\u00dfnahmen (Pr\u00e4vention).<\/p>\n<p>Ich berate Sie gern!<\/p>\n","protected":false},"excerpt":{"rendered":"<p>Herzlich Willkommen auf meiner Internetseite Ich freue mich, dass Sie sich daf\u00fcr interessieren, Ihr Tier im Naturheilverfahren behandeln zu lassen. Hier erhalten Sie einige hilfreiche <\/p>\n<p><a href=\"https:\/\/xn--tierheilpraxis-pln-t3b.de\/?page_id=2\" class=\"button1\">Read More &raquo;<\/a><\/p>\n","protected":false},"author":1,"featured_media":0,"parent":0,"menu_order":0,"comment_status":"open","ping_status":"open","template":"template-homepage.php","meta":{"footnotes":""},"class_list":["post-2","page","type-page","status-publish","hentry"],"_links":{"self":[{"href":"https:\/\/xn--tierheilpraxis-pln-t3b.de\/index.php?rest_route=\/wp\/v2\/pages\/2","targetHints":{"allow":["GET"]}}],"collection":[{"href":"https:\/\/xn--tierheilpraxis-pln-t3b.de\/index.php?rest_route=\/wp\/v2\/pages"}],"about":[{"href":"https:\/\/xn--tierheilpraxis-pln-t3b.de\/index.php?rest_route=\/wp\/v2\/types\/page"}],"author":[{"embeddable":true,"href":"https:\/\/xn--tierheilpraxis-pln-t3b.de\/index.php?rest_route=\/wp\/v2\/users\/1"}],"replies":[{"embeddable":true,"href":"https:\/\/xn--tierheilpraxis-pln-t3b.de\/index.php?rest_route=%2Fwp%2Fv2%2Fcomments&post=2"}],"version-history":[{"count":2,"href":"https:\/\/xn--tierheilpraxis-pln-t3b.de\/index.php?rest_route=\/wp\/v2\/pages\/2\/revisions"}],"predecessor-version":[{"id":7,"href":"https:\/\/xn--tierheilpraxis-pln-t3b.de\/index.php?rest_route=\/wp\/v2\/pages\/2\/revisions\/7"}],"wp:attachment":[{"href":"https:\/\/xn--tierheilpraxis-pln-t3b.de\/index.php?rest_route=%2Fwp%2Fv2%2Fmedia&parent=2"}],"curies":[{"name":"wp","href":"https:\/\/api.w.org\/{rel}","templated":true}]}}